{"id":225,"date":"2019-07-16T10:30:26","date_gmt":"2019-07-16T08:30:26","guid":{"rendered":"https:\/\/klinglwirt.srv-3wm-001.de\/?page_id=225"},"modified":"2019-09-25T12:27:49","modified_gmt":"2019-09-25T10:27:49","slug":"partners-producers","status":"publish","type":"page","link":"https:\/\/www.klinglwirt.de\/en\/what-we-do\/partners-producers\/","title":{"rendered":"Our Partners &amp; Producers"},"content":{"rendered":"\n<div class=\"wp-block-image\"><figure class=\"aligncenter\"><img loading=\"lazy\" decoding=\"async\" width=\"250\" height=\"66\" src=\"https:\/\/klinglwirt.de\/wp-content\/uploads\/2019\/09\/logo-herrmannsdorfer-landwerkstaetten.png\" alt=\"\" class=\"wp-image-537\" \/><\/figure><\/div>\n\n<p>All of our <strong>beef and pork<\/strong> including the various meat-based <strong>sausages <\/strong>are, without exception, provided by Herrmannsdorfer Farms, which is a farm that is located close to Glonn. Hermannsdorfer Farms is an organically oriented farm that does an exemplary job of <strong>practicing sustainable animal husbandry<\/strong>. <\/p>\n\n<p>We would also recommend you try our <strong>roasted pork<\/strong>, which we prepare fresh everyday from organic pork neck from Hermannsdorfer Farms.<\/p>\n\n<p><a href=\"https:\/\/www.herrmannsdorfer.de\/\" target=\"_blank\" rel=\"noreferrer noopener\" aria-label=\" (&#xF6;ffnet in neuem Tab)\">Learn more here<\/a><\/p>\n\n<div class=\"wp-block-image\"><figure class=\"aligncenter\"><img loading=\"lazy\" decoding=\"async\" width=\"300\" height=\"100\" src=\"https:\/\/klinglwirt.de\/wp-content\/uploads\/2019\/09\/logo-Hofladen-Sebald.jpg\" alt=\"Sebald\" class=\"wp-image-572\" \/><\/figure><\/div>\n\n<p>The fishery \/ fish farm Sebald in Ammerland (M\u00fcnsing) on Lake Starnberger has been owned by the same family for generations, and it is also a member of the W\u00fcrmsee Fishery Association. This association <strong>ensures that the fish stock in Lake Starnberger (previously called W\u00fcrmsee) is maintained and protected<\/strong>, therefore making sure that the fishing industry there is <strong>sustainable<\/strong>. Furthermore, the association <strong>supports the continuation of the family-owned businesses<\/strong>. One can only become a member of this association if you have completed a degree in the fishing industry and you meet other stringent requirements.<\/p>\n\n<p>You can have the <strong>fish cakes that come directly from Sebald\u2019s farm store<\/strong> with various side dishes (depending on the time of the year). Plus, we offer <strong>fried char<\/strong> on a regular basis at our restaurant. <\/p>\n\n<p><a rel=\"noreferrer noopener\" aria-label=\"Hier kannst du mehr erfahren (&#xF6;ffnet in neuem Tab)\" href=\"https:\/\/www.bootsverleih-fischerei.de\/\" target=\"_blank\">Learn more here<\/a><\/p>\n\n<div class=\"wp-block-image\"><figure class=\"aligncenter\"><img loading=\"lazy\" decoding=\"async\" width=\"244\" height=\"100\" src=\"https:\/\/klinglwirt.de\/wp-content\/uploads\/2019\/09\/logo_Stroblberg.jpg\" alt=\"Stroblberg\" class=\"wp-image-547\" \/><\/figure><\/div>\n\n<p>In the beautiful \u201cBairer Corner\u201d, in the very southern part of the Ebersberger District (where, by the way, the \u201cold\u201d Klinglwirt used to be), you will find Stroblberger Farm. A farm that is run by the Neuner Family and that adheres to <strong>organic farming<\/strong> as set out by the Naturland Association\u2019s regulations. The dairy cows at Stroblberger Farm have a large open stall that is covered in straw, and in the summer, the cows are free to roam the pasture at any time. Furthermore, since a large majority of the cows\u2019 food includes grass from the pasture, their milk is especially <strong>rich in Omega-3 fatty acids<\/strong> (1.5g\/100g fat). <\/p>\n\n<p>We exclusively use the organic cheese from Stroblberger Farm for our <strong>cheese and<\/strong> <strong>meat platters<\/strong> and our <strong>cheese dumplings<\/strong>. You have to try it!<\/p>\n\n<p><a rel=\"noreferrer noopener\" aria-label=\" (&#xF6;ffnet in neuem Tab)\" href=\"https:\/\/www.stroblberg.de\/\" target=\"_blank\">Learn more here<\/a><\/p>\n\n<div class=\"wp-block-image\"><figure class=\"aligncenter\"><img loading=\"lazy\" decoding=\"async\" width=\"220\" height=\"100\" src=\"https:\/\/klinglwirt.de\/wp-content\/uploads\/2019\/09\/logo-Unser-Freilandei.jpg\" alt=\"Freilandei (Free-range eggs)\" class=\"wp-image-576\" \/><\/figure><\/div>\n\n<p>In the beautiful \u201cBairer Corner\u201d, in the very southern part of the Ebersberger District (where, by the way, the \u201cold\u201d Klinglwirt used to be) is the family-run farm of Hans and Gitti Riedl, which is named \u201cZehatmoarhof\u201d. The eggs provided by Zehatmoarhof all come from <strong>free-range chickens<\/strong>, which are only fed food that is grown locally and that is free from genetically engineered ingredients. The farmers there grow their own soy, wheat and oats. Everything at the farm is produced <strong>using the strict organic guidelines provided by \u201cUnser Land\u201d<\/strong>. <\/p>\n\n<p>Try the award-winning <strong>egg liqueur \u201cGack\u201d<\/strong> or on Sundays you can order our oven baked <strong>Kaiserschmarrn<\/strong> (sugar pancakes), which we make from eggs provided by \u201cZehatmoarhof\u201d.<\/p>\n\n<p><a rel=\"noreferrer noopener\" aria-label=\" (&#xF6;ffnet in neuem Tab)\" href=\"https:\/\/www.unser-freilandei.de\/\" target=\"_blank\">Learn more here<\/a><\/p>\n\n<div class=\"wp-block-image\"><figure class=\"aligncenter\"><img loading=\"lazy\" decoding=\"async\" width=\"189\" height=\"100\" src=\"https:\/\/klinglwirt.de\/wp-content\/uploads\/2019\/09\/logo-Biohof-Lenz.jpg\" alt=\"Lenz Organic Farm\" class=\"wp-image-578\" \/><\/figure><\/div>\n\n<p>The Lenz Organic Farm is located in Zorneding, which is a small town located a few kilometers to the east of Munich. Franz Lenz Junior and his wife Birgit took over the farm from his father in 1992, and he quickly became <strong>a pioneer in organic farming<\/strong> in the Ebersberg district. We get all our potatoes from Lenz Organic Farm because they are grown without the use of chemical growth promoters, which means they have <strong>plenty of time to develop valuable nutrients and flavor<\/strong>.<\/p>\n\n<p>Try our <strong>homemade mashed potatoes<\/strong> made from Lenz Organic Farm potatoes. You will easily be able taste the difference!<\/p>\n\n<p><a rel=\"noreferrer noopener\" aria-label=\" (&#xF6;ffnet in neuem Tab)\" href=\"https:\/\/www.biohof-lenz.de\/\" target=\"_blank\">Learn more here<\/a><\/p>\n\n<div class=\"wp-block-image\"><figure class=\"aligncenter\"><img loading=\"lazy\" decoding=\"async\" width=\"393\" height=\"100\" src=\"https:\/\/klinglwirt.de\/wp-content\/uploads\/2019\/09\/logo-Epos.jpg\" alt=\"Epos\" class=\"wp-image-570\" srcset=\"https:\/\/www.klinglwirt.de\/wp-content\/uploads\/2019\/09\/logo-Epos.jpg 393w, https:\/\/www.klinglwirt.de\/wp-content\/uploads\/2019\/09\/logo-Epos-300x76.jpg 300w\" sizes=\"auto, (max-width: 393px) 100vw, 393px\" \/><\/figure><\/div>\n\n<p>Epos Biopartner S\u00fcd provides large-scale consumers with <strong>high-quality food products that are produced from verified organic farming practices<\/strong>. Thereby, Epos strongly supports the local economy and uses many <strong>locally grown products<\/strong>. <\/p>\n\n<p>The <strong>organic sauerkraut<\/strong> that is served alongside the <strong>pork sausages<\/strong> from Herrmannsdorfer Farms as well as other products like our <strong>organic spelt flour<\/strong> and the corn salad that comes with our <strong>cheese noodles<\/strong> (K\u00e4sesp\u00e4tzle) are all ordered from Epos.<\/p>\n\n<p><a rel=\"noreferrer noopener\" aria-label=\"Hier kannst du mehr erfahren (&#xF6;ffnet in neuem Tab)\" href=\"https:\/\/www.bio-partner.de\/de\/home\" target=\"_blank\">Learn more here<\/a><\/p>\n\n<div class=\"wp-block-image\"><figure class=\"aligncenter\"><img loading=\"lazy\" decoding=\"async\" width=\"173\" height=\"150\" src=\"https:\/\/klinglwirt.de\/wp-content\/uploads\/2019\/09\/logo-Del-Fiore.jpg\" alt=\"Del Fiore\" class=\"wp-image-580\" \/><\/figure><\/div>\n\n<p>Stefano de Giglio and his <strong>Munich-based ice cream manufactory<\/strong>, Del Fiore, has reinvented the art of making ice cream. Instead of using the same basis for all of his ice cream, he has developed an individual ice cream basis for each of his different types of ice cream. Furthermore, each basis is made from different types of sugar, high quality proteins, and essential fats. It is an innovation that <strong>radically improves the flavor of the ice cream<\/strong>. Furthermore, Del Fiore insists on <strong>only using organic ingredients<\/strong>.<\/p>\n\n<p><a rel=\"noreferrer noopener\" aria-label=\"Schaut euch die revolution&#xE4;re Eis-Manufaktur genauer an (&#xF6;ffnet in neuem Tab)\" href=\"https:\/\/delfiore.de\/\" target=\"_blank\">Take a closer look at this revolutionary way of making ice cream<\/a><\/p>\n\n<div class=\"wp-block-image\"><figure class=\"aligncenter\"><img loading=\"lazy\" decoding=\"async\" width=\"143\" height=\"200\" src=\"https:\/\/klinglwirt.de\/wp-content\/uploads\/2019\/09\/logo-Merchant-Friends.jpg\" alt=\"Merchant &amp;amp; Friends\" class=\"wp-image-574\" \/><\/figure><\/div>\n\n<p>The <strong>coffee roastery Merchant &amp; Friends<\/strong> in Herrmannsdorf constantly looks for and finds the best <strong>organic raw materials<\/strong> and transforms them into the <strong>best coffee<\/strong>. <\/p>\n\n<p>The best way to finish off an evening of delicious food at Klinglwirt is by having an <strong>organic espresso<\/strong> made from the <strong>Merchant House Blend<\/strong> (80% Arabica, 20% Robusta).<\/p>\n\n<p class=\"seperator\"><a rel=\"noreferrer noopener\" aria-label=\"Sie erz&#xE4;hlen ihre Story hier Link (&#xF6;ffnet in neuem Tab)\" href=\"https:\/\/shop.merchantandfriends.com\/\" target=\"_blank\">Here is their story<\/a><\/p>\n","protected":false},"excerpt":{"rendered":"<p>All of our beef and pork including the various meat-based sausages are, without exception, provided by Herrmannsdorfer Farms, which is a farm that is located close to Glonn. Hermannsdorfer Farms is an organically oriented farm that does an exemplary job of practicing sustainable animal husbandry. We would also recommend you try our roasted pork, which [&hellip;]<\/p>\n","protected":false},"author":1,"featured_media":636,"parent":149,"menu_order":0,"comment_status":"closed","ping_status":"closed","template":"","meta":{"_acf_changed":false,"footnotes":""},"class_list":["post-225","page","type-page","status-publish","has-post-thumbnail","hentry"],"acf":[],"_links":{"self":[{"href":"https:\/\/www.klinglwirt.de\/en\/wp-json\/wp\/v2\/pages\/225","targetHints":{"allow":["GET"]}}],"collection":[{"href":"https:\/\/www.klinglwirt.de\/en\/wp-json\/wp\/v2\/pages"}],"about":[{"href":"https:\/\/www.klinglwirt.de\/en\/wp-json\/wp\/v2\/types\/page"}],"author":[{"embeddable":true,"href":"https:\/\/www.klinglwirt.de\/en\/wp-json\/wp\/v2\/users\/1"}],"replies":[{"embeddable":true,"href":"https:\/\/www.klinglwirt.de\/en\/wp-json\/wp\/v2\/comments?post=225"}],"version-history":[{"count":0,"href":"https:\/\/www.klinglwirt.de\/en\/wp-json\/wp\/v2\/pages\/225\/revisions"}],"up":[{"embeddable":true,"href":"https:\/\/www.klinglwirt.de\/en\/wp-json\/wp\/v2\/pages\/149"}],"wp:featuredmedia":[{"embeddable":true,"href":"https:\/\/www.klinglwirt.de\/en\/wp-json\/wp\/v2\/media\/636"}],"wp:attachment":[{"href":"https:\/\/www.klinglwirt.de\/en\/wp-json\/wp\/v2\/media?parent=225"}],"curies":[{"name":"wp","href":"https:\/\/api.w.org\/{rel}","templated":true}]}}