{"id":97,"date":"2019-07-01T12:15:19","date_gmt":"2019-07-01T10:15:19","guid":{"rendered":"https:\/\/klinglwirt.srv-3wm-001.de\/?page_id=97"},"modified":"2019-09-25T10:22:00","modified_gmt":"2019-09-25T08:22:00","slug":"directions","status":"publish","type":"page","link":"https:\/\/www.klinglwirt.de\/en\/directions\/","title":{"rendered":"How to get to us"},"content":{"rendered":"\n<figure><\/figure>\n\n<h2 class=\"wp-block-heading\" style=\"text-align:center\">On foot<\/h2>\n\n<p>The Klinglwirt is located in southern Haidhausen at the corner of Balanstra\u00dfe\/Rablstra\u00dfe. Simply turn from Rosenheimer Stra\u00dfe into Balanstra\u00dfe and after about 200 meters you will find Klinglwirt on the right-hand side.<\/p>\n\n<h2 class=\"wp-block-heading\" style=\"text-align:center\">By public transport<\/h2>\n\n<p>All S-Bahn lines to Rosenheimer Platz stop<br \/>Tram lines 15 and 25 stop Rosenheimer Platz<\/p>\n\n<h2 class=\"wp-block-heading\" style=\"text-align:center\">By car<\/h2>\n\n<p>From the city centre, cross the Ludwigsbr\u00fccke bridge in the direction of Gasteig and turn right into Rosenheimer Stra\u00dfe. A few meters after Rosenheimer Platz turn right into Balanstra\u00dfe. Then it&#8217;s best to look for a parking space right away, because you&#8217;ll find the Klinglwirt at the next corner on the right.<\/p>\n\n<p>From the Salzburg motorway or the Mittlerer Ring S\u00fcd and Ost take Rosenheimer Stra\u00dfe towards the city centre and turn left into Pariser Stra\u00dfe about 300 metres before Rosenheimer Platz. At the next intersection turn right into Balanstra\u00dfe, from there you will see the Klinglwirt at the corner on the left.<\/p>\n\n<h2 class=\"wp-block-heading\" style=\"text-align:center\">Download directions<\/h2>\n\n<p class=\"seperator\"><a href=\"\/wp-content\/uploads\/2019\/09\/Anfahrt.pdf\" target=\"_blank\" rel=\"noreferrer noopener\" aria-label=\" (&#xF6;ffnet in neuem Tab)\">Download directions as PDF<\/a><\/p>\n","protected":false},"excerpt":{"rendered":"<p>On foot The Klinglwirt is located in southern Haidhausen at the corner of Balanstra\u00dfe\/Rablstra\u00dfe. Simply turn from Rosenheimer Stra\u00dfe into Balanstra\u00dfe and after about 200 meters you will find Klinglwirt on the right-hand side. By public transport All S-Bahn lines to Rosenheimer Platz stopTram lines 15 and 25 stop Rosenheimer Platz By car From the [&hellip;]<\/p>\n","protected":false},"author":1,"featured_media":611,"parent":0,"menu_order":0,"comment_status":"closed","ping_status":"closed","template":"","meta":{"_acf_changed":false,"footnotes":""},"class_list":["post-97","page","type-page","status-publish","has-post-thumbnail","hentry"],"acf":[],"_links":{"self":[{"href":"https:\/\/www.klinglwirt.de\/en\/wp-json\/wp\/v2\/pages\/97","targetHints":{"allow":["GET"]}}],"collection":[{"href":"https:\/\/www.klinglwirt.de\/en\/wp-json\/wp\/v2\/pages"}],"about":[{"href":"https:\/\/www.klinglwirt.de\/en\/wp-json\/wp\/v2\/types\/page"}],"author":[{"embeddable":true,"href":"https:\/\/www.klinglwirt.de\/en\/wp-json\/wp\/v2\/users\/1"}],"replies":[{"embeddable":true,"href":"https:\/\/www.klinglwirt.de\/en\/wp-json\/wp\/v2\/comments?post=97"}],"version-history":[{"count":0,"href":"https:\/\/www.klinglwirt.de\/en\/wp-json\/wp\/v2\/pages\/97\/revisions"}],"wp:featuredmedia":[{"embeddable":true,"href":"https:\/\/www.klinglwirt.de\/en\/wp-json\/wp\/v2\/media\/611"}],"wp:attachment":[{"href":"https:\/\/www.klinglwirt.de\/en\/wp-json\/wp\/v2\/media?parent=97"}],"curies":[{"name":"wp","href":"https:\/\/api.w.org\/{rel}","templated":true}]}}